{"id":4731,"date":"2021-11-23T14:30:37","date_gmt":"2021-11-23T14:30:37","guid":{"rendered":"https:\/\/gorgoniabeach.com\/escursioni\/"},"modified":"2023-05-18T15:17:04","modified_gmt":"2023-05-18T15:17:04","slug":"ausfluege","status":"publish","type":"page","link":"https:\/\/gorgoniabeach.com\/de\/ausfluege\/","title":{"rendered":"Ausfl\u00fcge"},"content":{"rendered":"<div class=\"fusion-fullwidth fullwidth-box fusion-builder-row-1 fusion-flex-container nonhundred-percent-fullwidth non-hundred-percent-height-scrolling\" style=\"--awb-background-position:left top;--awb-border-sizes-top:0px;--awb-border-sizes-bottom:0px;--awb-border-sizes-left:0px;--awb-border-sizes-right:0px;--awb-border-radius-top-left:0px;--awb-border-radius-top-right:0px;--awb-border-radius-bottom-right:0px;--awb-border-radius-bottom-left:0px;--awb-padding-top:4%;--awb-padding-bottom:70px;--awb-padding-bottom-medium:40px;--awb-padding-bottom-small:40px;--awb-flex-wrap:wrap;\" ><div class=\"fusion-builder-row fusion-row fusion-flex-align-items-stretch fusion-flex-content-wrap\" style=\"max-width:1216.8px;margin-left: calc(-4% \/ 2 );margin-right: calc(-4% \/ 2 );\"><div class=\"fusion-layout-column fusion_builder_column fusion-builder-column-0 fusion_builder_column_1_3 1_3 fusion-flex-column fusion-flex-align-self-flex-start\" style=\"--awb-bg-color:#ffffff;--awb-bg-color-hover:#ffffff;--awb-bg-image:linear-gradient(90deg, #ffffff 0%,#b29d68 100%);--awb-bg-position:right center;--awb-bg-size:cover;--awb-border-color:#ebeef1;--awb-border-style:solid;--awb-width-large:33.333333333333%;--awb-margin-top-large:0px;--awb-spacing-right-large:5.76%;--awb-margin-bottom-large:20px;--awb-spacing-left-large:7.68%;--awb-width-medium:100%;--awb-spacing-right-medium:1.92%;--awb-spacing-left-medium:2.56%;--awb-width-small:100%;--awb-spacing-right-small:1.92%;--awb-spacing-left-small:1.92%;\"><div class=\"fusion-column-wrapper fusion-flex-justify-content-flex-start fusion-content-layout-column\"><div class=\"fusion-image-element \" style=\"text-align:center;--awb-liftup-border-radius:0px;--awb-caption-title-font-family:var(--h2_typography-font-family);--awb-caption-title-font-weight:var(--h2_typography-font-weight);--awb-caption-title-font-style:var(--h2_typography-font-style);--awb-caption-title-size:var(--h2_typography-font-size);--awb-caption-title-transform:var(--h2_typography-text-transform);--awb-caption-title-line-height:var(--h2_typography-line-height);--awb-caption-title-letter-spacing:var(--h2_typography-letter-spacing);\"><div class=\"awb-image-frame awb-image-frame-1 imageframe-liftup\"><span class=\" fusion-imageframe imageframe-dropshadow imageframe-1\" style=\"-webkit-box-shadow: 3px 3px 7px rgba(0,0,0,0.3);box-shadow: 3px 3px 7px rgba(0,0,0,0.3);\"><a class=\"fusion-no-lightbox\" href=\"https:\/\/bit.ly\/3cqIRtC\" target=\"_blank\" aria-label=\"GorgoniaBeachResort_Tour_Abu-Simbel\" rel=\"noopener noreferrer\"><img decoding=\"async\" width=\"1100\" height=\"750\" alt=\"Gorgonia Beach Resort, Marsa Alam, Mar Rosso, Egitto, vacanze Blue Reef Resort\" src=\"data:image\/svg+xml,%3Csvg%20xmlns%3D%27http%3A%2F%2Fwww.w3.org%2F2000%2Fsvg%27%20width%3D%271100%27%20height%3D%27750%27%20viewBox%3D%270%200%201100%20750%27%3E%3Crect%20width%3D%271100%27%20height%3D%27750%27%20fill-opacity%3D%220%22%2F%3E%3C%2Fsvg%3E\" data-orig-src=\"https:\/\/gorgoniabeach.com\/wp-content\/uploads\/2021\/11\/gorgonia-beach-resort_marsa-alam_red-see_tour_abu-simbel.jpg\" class=\"lazyload img-responsive wp-image-4573\"\/><\/a><\/span><\/div><\/div><\/div><\/div><div class=\"fusion-layout-column fusion_builder_column fusion-builder-column-1 fusion_builder_column_2_3 2_3 fusion-flex-column\" style=\"--awb-bg-position:right bottom;--awb-bg-blend:overlay;--awb-bg-size:cover;--awb-width-large:66.666666666667%;--awb-margin-top-large:0px;--awb-spacing-right-large:1.92%;--awb-margin-bottom-large:20px;--awb-spacing-left-large:2.88%;--awb-width-medium:100%;--awb-spacing-right-medium:1.28%;--awb-spacing-left-medium:1.92%;--awb-width-small:100%;--awb-spacing-right-small:1.92%;--awb-margin-bottom-small:30p40px;--awb-spacing-left-small:1.92%;\"><div class=\"fusion-column-wrapper fusion-flex-justify-content-flex-start fusion-content-layout-column\"><div class=\"fusion-title title fusion-title-1 fusion-title-text fusion-title-size-two\" style=\"--awb-margin-bottom:0px;--awb-margin-top-small:0px;--awb-margin-right-small:0px;--awb-margin-bottom-small:0px;--awb-margin-left-small:0px;--awb-margin-bottom-medium:0px;--awb-font-size:13px;\"><div class=\"title-sep-container title-sep-container-left fusion-no-large-visibility fusion-no-medium-visibility fusion-no-small-visibility\"><div class=\"title-sep sep- sep-solid\" style=\"border-color:#e0dede;\"><\/div><\/div><span class=\"awb-title-spacer fusion-no-large-visibility fusion-no-medium-visibility fusion-no-small-visibility\"><\/span><h2 class=\"fusion-title-heading title-heading-left fusion-responsive-typography-calculated\" style=\"font-family:&quot;Questrial&quot;;margin:0;letter-spacing:4px;text-transform:uppercase;font-size:1em;--fontSize:13;--minFontSize:13;line-height:1.69;\">Entdecken Sie \u00c4gyptens\u2018 Wunder<\/h2><span class=\"awb-title-spacer\"><\/span><div class=\"title-sep-container title-sep-container-right\"><div class=\"title-sep sep- sep-solid\" style=\"border-color:#e0dede;\"><\/div><\/div><\/div><div class=\"fusion-title title fusion-title-2 fusion-title-text fusion-title-size-one\" style=\"--awb-margin-top:10px;--awb-margin-top-small:0px;--awb-margin-right-small:0px;--awb-margin-bottom-small:15px;--awb-margin-left-small:0px;--awb-font-size:46px;\"><div class=\"title-sep-container title-sep-container-left fusion-no-large-visibility fusion-no-medium-visibility fusion-no-small-visibility\"><div class=\"title-sep sep- sep-solid\" style=\"border-color:#e0dede;\"><\/div><\/div><span class=\"awb-title-spacer fusion-no-large-visibility fusion-no-medium-visibility fusion-no-small-visibility\"><\/span><h1 class=\"fusion-title-heading title-heading-left fusion-responsive-typography-calculated\" style=\"margin:0;text-transform:none;font-size:1em;--fontSize:46;line-height:1.11;\">Ausfl\u00fcge<\/h1><span class=\"awb-title-spacer\"><\/span><div class=\"title-sep-container title-sep-container-right\"><div class=\"title-sep sep- sep-solid\" style=\"border-color:#e0dede;\"><\/div><\/div><\/div><div class=\"fusion-separator\" style=\"align-self: flex-start;margin-right:auto;margin-top:0px;margin-bottom:20px;width:100%;max-width:50px;\"><div class=\"fusion-separator-border sep-single sep-solid\" style=\"--awb-height:20px;--awb-amount:20px;--awb-sep-color:#cbaa5c;border-color:#cbaa5c;border-top-width:1px;\"><\/div><\/div><div class=\"fusion-text fusion-text-1\" style=\"--awb-text-transform:none;\"><p>Direkt im Hotel stehen Ihnen die Experten lokaler Tourismusb\u00fcros zur Verf\u00fcgung, die Sie zu den besten Ausflugszielen f\u00fcr die ganze Familie beraten.<br \/>Das Gorgonia Beach Resort bietet Ihnen die M\u00f6glichkeit, zu einigen der eindrucksvollsten Natur- und Kultursch\u00e4tze \u00c4gyptens zu reisen.<\/p>\n<p>Entdeckten Sie bei einem Besuch der ber\u00fchmten arch\u00e4ologischen Attraktionen entlang des Nils das sagenhafte antike \u00c4gypten: Luxor, Aswan, Karnak und das Tal der K\u00f6nige sind nur einige von vielen phantastischen Orten, die Sie zu Land und zu Wasser besuchen k\u00f6nnen. Nicht zu vergessen sind die wundervollen Str\u00e4nde und die traumhaft sch\u00f6nen Inseln des Roten Meeres, die alle leicht von unserem Resort aus zu erreichen sind.<\/p>\n<\/div><\/div><\/div><div class=\"fusion-layout-column fusion_builder_column fusion-builder-column-2 fusion_builder_column_1_1 1_1 fusion-flex-column\" style=\"--awb-bg-size:cover;--awb-width-large:100%;--awb-margin-top-large:0px;--awb-spacing-right-large:1.92%;--awb-margin-bottom-large:20px;--awb-spacing-left-large:1.92%;--awb-width-medium:100%;--awb-order-medium:0;--awb-spacing-right-medium:1.92%;--awb-spacing-left-medium:1.92%;--awb-width-small:100%;--awb-order-small:0;--awb-spacing-right-small:1.92%;--awb-spacing-left-small:1.92%;\"><div class=\"fusion-column-wrapper fusion-column-has-shadow fusion-flex-justify-content-flex-start fusion-content-layout-column\"><div class=\"fusion-image-carousel fusion-image-carousel-auto fusion-image-carousel-1 lightbox-enabled fusion-carousel-border\"><div class=\"awb-carousel awb-swiper awb-swiper-carousel awb-carousel--carousel awb-swiper-dots-position-bottom\" data-layout=\"carousel\" data-autoplay=\"no\" data-autoplayspeed=\"4000\" data-autoplaypause=\"no\" data-columns=\"4\" data-columnsmedium=\"1\" data-columnssmall=\"1\" data-itemmargin=\"11\" data-itemwidth=\"180\" data-touchscroll=\"no\" data-freemode=\"no\" data-imagesize=\"auto\" data-scrollitems=\"0\" data-centeredslides=\"no\" data-rotationangle=\"50\" data-depth=\"100\" data-speed=\"500\" data-shadow=\"no\" data-pagination=\"bullets\" style=\"--awb-columns:4;--awb-column-spacing:11px;--awb-border-width:1px;--awb-border-color:#e9eaee;\"><div class=\"swiper-wrapper awb-image-carousel-wrapper fusion-flex-align-items-center\"><div class=\"swiper-slide\"><div class=\"fusion-carousel-item-wrapper\"><div class=\"fusion-image-wrapper hover-type-zoomin\"><a data-rel=\"iLightbox[image_carousel_1]\" data-caption=\"Gorgonia Beach Resort, Marsa Alam, Mar Rosso, Egitto, vacanze\" href=\"https:\/\/gorgoniabeach.com\/wp-content\/uploads\/2021\/12\/gorgonia-beach-resort_marsa-alam_red-see_tour_asswan.jpg\" target=\"_self\"><img decoding=\"async\" width=\"1100\" height=\"750\" src=\"data:image\/svg+xml,%3Csvg%20xmlns%3D%27http%3A%2F%2Fwww.w3.org%2F2000%2Fsvg%27%20width%3D%271100%27%20height%3D%27750%27%20viewBox%3D%270%200%201100%20750%27%3E%3Crect%20width%3D%271100%27%20height%3D%27750%27%20fill-opacity%3D%220%22%2F%3E%3C%2Fsvg%3E\" class=\"attachment-full size-full lazyload\" alt=\"Gorgonia Beach Resort, Marsa Alam, Mar Rosso, Egitto, vacanze\" data-orig-src=\"https:\/\/gorgoniabeach.com\/wp-content\/uploads\/2021\/12\/gorgonia-beach-resort_marsa-alam_red-see_tour_asswan.jpg\" \/><\/a><\/div><\/div><\/div><div class=\"swiper-slide\"><div class=\"fusion-carousel-item-wrapper\"><div class=\"fusion-image-wrapper hover-type-zoomin\"><a data-rel=\"iLightbox[image_carousel_1]\" data-caption=\"Gorgonia Beach Resort, Marsa Alam, Mar Rosso, Egitto, vacanze\" href=\"https:\/\/gorgoniabeach.com\/wp-content\/uploads\/2021\/12\/gorgonia-beach-resort_marsa-alam_red-see_tour_karnak.jpg\" target=\"_self\"><img decoding=\"async\" width=\"1100\" height=\"750\" src=\"data:image\/svg+xml,%3Csvg%20xmlns%3D%27http%3A%2F%2Fwww.w3.org%2F2000%2Fsvg%27%20width%3D%271100%27%20height%3D%27750%27%20viewBox%3D%270%200%201100%20750%27%3E%3Crect%20width%3D%271100%27%20height%3D%27750%27%20fill-opacity%3D%220%22%2F%3E%3C%2Fsvg%3E\" class=\"attachment-full size-full lazyload\" alt=\"Gorgonia Beach Resort, Marsa Alam, Mar Rosso, Egitto, vacanze\" data-orig-src=\"https:\/\/gorgoniabeach.com\/wp-content\/uploads\/2021\/12\/gorgonia-beach-resort_marsa-alam_red-see_tour_karnak.jpg\" \/><\/a><\/div><\/div><\/div><div class=\"swiper-slide\"><div class=\"fusion-carousel-item-wrapper\"><div class=\"fusion-image-wrapper hover-type-zoomin\"><a data-rel=\"iLightbox[image_carousel_1]\" data-caption=\"Gorgonia Beach Resort, Marsa Alam, Mar Rosso, Egitto, vacanze\" href=\"https:\/\/gorgoniabeach.com\/wp-content\/uploads\/2021\/12\/gorgonia-beach-resort_marsa-alam_red-see_tour_luxor.jpg\" target=\"_self\"><img decoding=\"async\" width=\"1100\" height=\"750\" src=\"data:image\/svg+xml,%3Csvg%20xmlns%3D%27http%3A%2F%2Fwww.w3.org%2F2000%2Fsvg%27%20width%3D%271100%27%20height%3D%27750%27%20viewBox%3D%270%200%201100%20750%27%3E%3Crect%20width%3D%271100%27%20height%3D%27750%27%20fill-opacity%3D%220%22%2F%3E%3C%2Fsvg%3E\" class=\"attachment-full size-full lazyload\" alt=\"Gorgonia Beach Resort, Marsa Alam, Mar Rosso, Egitto, vacanze\" data-orig-src=\"https:\/\/gorgoniabeach.com\/wp-content\/uploads\/2021\/12\/gorgonia-beach-resort_marsa-alam_red-see_tour_luxor.jpg\" \/><\/a><\/div><\/div><\/div><div class=\"swiper-slide\"><div class=\"fusion-carousel-item-wrapper\"><div class=\"fusion-image-wrapper hover-type-zoomin\"><a data-rel=\"iLightbox[image_carousel_1]\" data-caption=\"Gorgonia Beach Resort, Marsa Alam, Mar Rosso, Egitto, vacanze\" href=\"https:\/\/gorgoniabeach.com\/wp-content\/uploads\/2021\/12\/gorgonia-beach-resort_marsa-alam_red-see_tour_valley-kings.jpg\" target=\"_self\"><img decoding=\"async\" width=\"1100\" height=\"750\" src=\"data:image\/svg+xml,%3Csvg%20xmlns%3D%27http%3A%2F%2Fwww.w3.org%2F2000%2Fsvg%27%20width%3D%271100%27%20height%3D%27750%27%20viewBox%3D%270%200%201100%20750%27%3E%3Crect%20width%3D%271100%27%20height%3D%27750%27%20fill-opacity%3D%220%22%2F%3E%3C%2Fsvg%3E\" class=\"attachment-full size-full lazyload\" alt=\"Gorgonia Beach Resort, Marsa Alam, Mar Rosso, Egitto, vacanze\" data-orig-src=\"https:\/\/gorgoniabeach.com\/wp-content\/uploads\/2021\/12\/gorgonia-beach-resort_marsa-alam_red-see_tour_valley-kings.jpg\" \/><\/a><\/div><\/div><\/div><\/div><div class=\"awb-swiper-button awb-swiper-button-prev\"><i class=\"awb-icon-angle-left\" aria-hidden=\"true\"><\/i><\/div><div class=\"awb-swiper-button awb-swiper-button-next\"><i class=\"awb-icon-angle-right\" aria-hidden=\"true\"><\/i><\/div><\/div><\/div><\/div><\/div><\/div><\/div>\n","protected":false},"excerpt":{"rendered":"","protected":false},"author":1,"featured_media":0,"parent":0,"menu_order":0,"comment_status":"closed","ping_status":"closed","template":"100-width.php","meta":{"footnotes":""},"class_list":["post-4731","page","type-page","status-publish","hentry"],"yoast_head":"<!-- This site is optimized with the Yoast SEO plugin v27.1.1 - https:\/\/yoast.com\/product\/yoast-seo-wordpress\/ -->\n<title>Ausfl\u00fcge - Gorgonia Beach resort - Offizielle Webseite - Marsa Alam - Roten Meer<\/title>\n<meta name=\"description\" content=\"Parti dal resort per le escursioni verso le pi\u00f9 belle mete turistiche dell&#039;Egitto. Luxor, Aswan, Karnak, la Valle dei Re, ti aspettano.\" \/>\n<meta name=\"robots\" content=\"index, follow, max-snippet:-1, max-image-preview:large, max-video-preview:-1\" \/>\n<link rel=\"canonical\" href=\"https:\/\/gorgoniabeach.com\/de\/ausfluege\/\" \/>\n<meta property=\"og:locale\" content=\"de_DE\" \/>\n<meta property=\"og:type\" content=\"article\" \/>\n<meta property=\"og:title\" content=\"Ausfl\u00fcge - Gorgonia Beach resort - Offizielle Webseite - Marsa Alam - Roten Meer\" \/>\n<meta property=\"og:description\" content=\"Parti dal resort per le escursioni verso le pi\u00f9 belle mete turistiche dell&#039;Egitto. Luxor, Aswan, Karnak, la Valle dei Re, ti aspettano.\" \/>\n<meta property=\"og:url\" content=\"https:\/\/gorgoniabeach.com\/de\/ausfluege\/\" \/>\n<meta property=\"og:site_name\" content=\"Gorgonia Beach resort - Offizielle Webseite - - Marsa Alam - Roten Meer\" \/>\n<meta property=\"article:publisher\" content=\"https:\/\/www.facebook.com\/GorgoniaBeachResort\/\" \/>\n<meta property=\"article:modified_time\" content=\"2023-05-18T15:17:04+00:00\" \/>\n<meta name=\"twitter:card\" content=\"summary_large_image\" \/>\n<meta name=\"twitter:label1\" content=\"Gesch\u00e4tzte Lesezeit\" \/>\n\t<meta name=\"twitter:data1\" content=\"4\u00a0Minuten\" \/>\n<script type=\"application\/ld+json\" class=\"yoast-schema-graph\">{\"@context\":\"https:\/\/schema.org\",\"@graph\":[{\"@type\":\"WebPage\",\"@id\":\"https:\/\/gorgoniabeach.com\/de\/ausfluege\/\",\"url\":\"https:\/\/gorgoniabeach.com\/de\/ausfluege\/\",\"name\":\"Ausfl\u00fcge - Gorgonia Beach resort - Offizielle Webseite - Marsa Alam - Roten Meer\",\"isPartOf\":{\"@id\":\"https:\/\/gorgoniabeach.com\/de\/#website\"},\"datePublished\":\"2021-11-23T14:30:37+00:00\",\"dateModified\":\"2023-05-18T15:17:04+00:00\",\"description\":\"Parti dal resort per le escursioni verso le pi\u00f9 belle mete turistiche dell'Egitto. Luxor, Aswan, Karnak, la Valle dei Re, ti aspettano.\",\"breadcrumb\":{\"@id\":\"https:\/\/gorgoniabeach.com\/de\/ausfluege\/#breadcrumb\"},\"inLanguage\":\"de\",\"potentialAction\":[{\"@type\":\"ReadAction\",\"target\":[\"https:\/\/gorgoniabeach.com\/de\/ausfluege\/\"]}]},{\"@type\":\"BreadcrumbList\",\"@id\":\"https:\/\/gorgoniabeach.com\/de\/ausfluege\/#breadcrumb\",\"itemListElement\":[{\"@type\":\"ListItem\",\"position\":1,\"name\":\"Home\",\"item\":\"https:\/\/gorgoniabeach.com\/de\/\"},{\"@type\":\"ListItem\",\"position\":2,\"name\":\"Ausfl\u00fcge\"}]},{\"@type\":\"WebSite\",\"@id\":\"https:\/\/gorgoniabeach.com\/de\/#website\",\"url\":\"https:\/\/gorgoniabeach.com\/de\/\",\"name\":\"Gorgonia Beach resort - Offizielle Webseite - - Marsa Alam - Roten Meer\",\"description\":\"Marsa Alam, Marsa Alam, \u00c4gypten - Ihren Urlaub am Roten Meer all inclusive - Diving - Snorkeling - Wadi el Gemal National Park - Italienische K\u00fcche\",\"publisher\":{\"@id\":\"https:\/\/gorgoniabeach.com\/de\/#organization\"},\"potentialAction\":[{\"@type\":\"SearchAction\",\"target\":{\"@type\":\"EntryPoint\",\"urlTemplate\":\"https:\/\/gorgoniabeach.com\/de\/?s={search_term_string}\"},\"query-input\":{\"@type\":\"PropertyValueSpecification\",\"valueRequired\":true,\"valueName\":\"search_term_string\"}}],\"inLanguage\":\"de\"},{\"@type\":\"Organization\",\"@id\":\"https:\/\/gorgoniabeach.com\/de\/#organization\",\"name\":\"Gorgonia Beach resort - Offizielle Webseite - - Marsa Alam - Roten Meer\",\"url\":\"https:\/\/gorgoniabeach.com\/de\/\",\"logo\":{\"@type\":\"ImageObject\",\"inLanguage\":\"de\",\"@id\":\"https:\/\/gorgoniabeach.com\/de\/#\/schema\/logo\/image\/\",\"url\":\"https:\/\/gorgoniabeach.com\/wp-content\/uploads\/2021\/09\/gorgonia-beach-resort_marsa-alam_red-see_logo.png\",\"contentUrl\":\"https:\/\/gorgoniabeach.com\/wp-content\/uploads\/2021\/09\/gorgonia-beach-resort_marsa-alam_red-see_logo.png\",\"width\":350,\"height\":160,\"caption\":\"Gorgonia Beach resort - Offizielle Webseite - - Marsa Alam - Roten Meer\"},\"image\":{\"@id\":\"https:\/\/gorgoniabeach.com\/de\/#\/schema\/logo\/image\/\"},\"sameAs\":[\"https:\/\/www.facebook.com\/GorgoniaBeachResort\/\",\"https:\/\/www.instagram.com\/gorgoniabeachresort\/\",\"https:\/\/www.tripadvisor.it\/Hotel_Review-g311425-d1141505-Reviews-Gorgonia_Beach_Resort-Marsa_Alam_Red_Sea_and_Sinai.html\"]}]}<\/script>\n<!-- \/ Yoast SEO plugin. -->","yoast_head_json":{"title":"Ausfl\u00fcge - Gorgonia Beach resort - Offizielle Webseite - Marsa Alam - Roten Meer","description":"Parti dal resort per le escursioni verso le pi\u00f9 belle mete turistiche dell'Egitto. Luxor, Aswan, Karnak, la Valle dei Re, ti aspettano.","robots":{"index":"index","follow":"follow","max-snippet":"max-snippet:-1","max-image-preview":"max-image-preview:large","max-video-preview":"max-video-preview:-1"},"canonical":"https:\/\/gorgoniabeach.com\/de\/ausfluege\/","og_locale":"de_DE","og_type":"article","og_title":"Ausfl\u00fcge - Gorgonia Beach resort - Offizielle Webseite - Marsa Alam - Roten Meer","og_description":"Parti dal resort per le escursioni verso le pi\u00f9 belle mete turistiche dell'Egitto. Luxor, Aswan, Karnak, la Valle dei Re, ti aspettano.","og_url":"https:\/\/gorgoniabeach.com\/de\/ausfluege\/","og_site_name":"Gorgonia Beach resort - Offizielle Webseite - - Marsa Alam - Roten Meer","article_publisher":"https:\/\/www.facebook.com\/GorgoniaBeachResort\/","article_modified_time":"2023-05-18T15:17:04+00:00","twitter_card":"summary_large_image","twitter_misc":{"Gesch\u00e4tzte Lesezeit":"4\u00a0Minuten"},"schema":{"@context":"https:\/\/schema.org","@graph":[{"@type":"WebPage","@id":"https:\/\/gorgoniabeach.com\/de\/ausfluege\/","url":"https:\/\/gorgoniabeach.com\/de\/ausfluege\/","name":"Ausfl\u00fcge - Gorgonia Beach resort - Offizielle Webseite - Marsa Alam - Roten Meer","isPartOf":{"@id":"https:\/\/gorgoniabeach.com\/de\/#website"},"datePublished":"2021-11-23T14:30:37+00:00","dateModified":"2023-05-18T15:17:04+00:00","description":"Parti dal resort per le escursioni verso le pi\u00f9 belle mete turistiche dell'Egitto. Luxor, Aswan, Karnak, la Valle dei Re, ti aspettano.","breadcrumb":{"@id":"https:\/\/gorgoniabeach.com\/de\/ausfluege\/#breadcrumb"},"inLanguage":"de","potentialAction":[{"@type":"ReadAction","target":["https:\/\/gorgoniabeach.com\/de\/ausfluege\/"]}]},{"@type":"BreadcrumbList","@id":"https:\/\/gorgoniabeach.com\/de\/ausfluege\/#breadcrumb","itemListElement":[{"@type":"ListItem","position":1,"name":"Home","item":"https:\/\/gorgoniabeach.com\/de\/"},{"@type":"ListItem","position":2,"name":"Ausfl\u00fcge"}]},{"@type":"WebSite","@id":"https:\/\/gorgoniabeach.com\/de\/#website","url":"https:\/\/gorgoniabeach.com\/de\/","name":"Gorgonia Beach resort - Offizielle Webseite - - Marsa Alam - Roten Meer","description":"Marsa Alam, Marsa Alam, \u00c4gypten - Ihren Urlaub am Roten Meer all inclusive - Diving - Snorkeling - Wadi el Gemal National Park - Italienische K\u00fcche","publisher":{"@id":"https:\/\/gorgoniabeach.com\/de\/#organization"},"potentialAction":[{"@type":"SearchAction","target":{"@type":"EntryPoint","urlTemplate":"https:\/\/gorgoniabeach.com\/de\/?s={search_term_string}"},"query-input":{"@type":"PropertyValueSpecification","valueRequired":true,"valueName":"search_term_string"}}],"inLanguage":"de"},{"@type":"Organization","@id":"https:\/\/gorgoniabeach.com\/de\/#organization","name":"Gorgonia Beach resort - Offizielle Webseite - - Marsa Alam - Roten Meer","url":"https:\/\/gorgoniabeach.com\/de\/","logo":{"@type":"ImageObject","inLanguage":"de","@id":"https:\/\/gorgoniabeach.com\/de\/#\/schema\/logo\/image\/","url":"https:\/\/gorgoniabeach.com\/wp-content\/uploads\/2021\/09\/gorgonia-beach-resort_marsa-alam_red-see_logo.png","contentUrl":"https:\/\/gorgoniabeach.com\/wp-content\/uploads\/2021\/09\/gorgonia-beach-resort_marsa-alam_red-see_logo.png","width":350,"height":160,"caption":"Gorgonia Beach resort - Offizielle Webseite - - Marsa Alam - Roten Meer"},"image":{"@id":"https:\/\/gorgoniabeach.com\/de\/#\/schema\/logo\/image\/"},"sameAs":["https:\/\/www.facebook.com\/GorgoniaBeachResort\/","https:\/\/www.instagram.com\/gorgoniabeachresort\/","https:\/\/www.tripadvisor.it\/Hotel_Review-g311425-d1141505-Reviews-Gorgonia_Beach_Resort-Marsa_Alam_Red_Sea_and_Sinai.html"]}]}},"_links":{"self":[{"href":"https:\/\/gorgoniabeach.com\/de\/wp-json\/wp\/v2\/pages\/4731","targetHints":{"allow":["GET"]}}],"collection":[{"href":"https:\/\/gorgoniabeach.com\/de\/wp-json\/wp\/v2\/pages"}],"about":[{"href":"https:\/\/gorgoniabeach.com\/de\/wp-json\/wp\/v2\/types\/page"}],"author":[{"embeddable":true,"href":"https:\/\/gorgoniabeach.com\/de\/wp-json\/wp\/v2\/users\/1"}],"replies":[{"embeddable":true,"href":"https:\/\/gorgoniabeach.com\/de\/wp-json\/wp\/v2\/comments?post=4731"}],"version-history":[{"count":14,"href":"https:\/\/gorgoniabeach.com\/de\/wp-json\/wp\/v2\/pages\/4731\/revisions"}],"predecessor-version":[{"id":7162,"href":"https:\/\/gorgoniabeach.com\/de\/wp-json\/wp\/v2\/pages\/4731\/revisions\/7162"}],"wp:attachment":[{"href":"https:\/\/gorgoniabeach.com\/de\/wp-json\/wp\/v2\/media?parent=4731"}],"curies":[{"name":"wp","href":"https:\/\/api.w.org\/{rel}","templated":true}]}}